{"id":20,"date":"2020-03-20T13:34:21","date_gmt":"2020-03-20T13:34:21","guid":{"rendered":"https:\/\/vital-apotheke-kiel.de\/?page_id=20"},"modified":"2020-03-20T13:56:40","modified_gmt":"2020-03-20T13:56:40","slug":"unsere-information-zum-datenumgang-und-ihre-rechte","status":"publish","type":"page","link":"https:\/\/vital-apotheke-kiel.de\/?page_id=20","title":{"rendered":"Unsere Information zum Datenumgang und Ihre Rechte"},"content":{"rendered":"<p><strong>Verantwortlich:<\/strong><\/p>\n<p>Die im Impressum genannte Apotheke.<\/p>\n<p><strong>Unsere Datenverarbeitungen im \u00dcberblick:<\/strong><\/p>\n<p>Kategorien personenbezogener Daten, die wir verarbeiten:<\/p>\n<p>Rezeptdaten, Gesundheitsdaten, Adressdaten, Kontaktdaten, Geburtsdatum, Vertragsdaten, Abrechnungsdaten.<\/p>\n<p>Quelle der zu verarbeitenden Daten:<\/p>\n<ul>\n<li>\u00c4rztliche Verordnungen<\/li>\n<li>Eigenauskunft, Mitteilung im Rahmen von Einwilligungen<\/li>\n<\/ul>\n<p>Speicherdauer der verarbeiteten personenbezogenen Daten:<\/p>\n<p>Es existieren diverse gesetzliche Aufbewahrungspflichten und -fristen. Nach Ablauf dieser Fristen werden die entsprechenden Daten routinem\u00e4\u00dfig gel\u00f6scht, wenn sie nicht mehr zur Erf\u00fcllung des jeweiligen Auftrags erforderlich sind. Sofern Daten hiervon nicht ber\u00fchrt sind, werden sie gel\u00f6scht, wenn die f\u00fcr die Erhebung vorgesehenen Zwecke entfallen. Einwilligungserkl\u00e4rungen, von denen ein Jahr lang kein Gebrauch gemacht wird (z.B. durch den Einsatz der Kundenkarte), werden gel\u00f6scht, soweit dem nicht gesetzliche Aufbewahrungspflichten entgegenstehen.<\/p>\n<p>Verarbeitungszwecke der personenbezogenen Daten:<\/p>\n<ul>\n<li>Arzneimittelversorgung, Beratung in der Arzneimittel -und Hilfsmitteltherapie<\/li>\n<li>Erstellung von Medikationspl\u00e4nen<\/li>\n<li>Abrechnung gegen\u00fcber Krankenkassen<\/li>\n<li>Werbung, Kundenkarte<\/li>\n<\/ul>\n<p>Rechtsgrundlagen der Datenverarbeitung:<\/p>\n<ul>\n<li>F\u00fcr die Arzneimittelversorgung: Artt. 6 Abs. 1 S. 1 lit. b (Erforderlichkeit f\u00fcr den Vertragsabschluss), 9 Abs. 2 DSGVO.<\/li>\n<li>F\u00fcr die Abrechnung gegen\u00fcber Krankenkassen: Art. 6 Abs. 1 S. 1 lit. b, 9 Abs. 2 DSGVO, \u00a7\u00a7 300, 302 SGB V, \u00a7 105 SGB XI.<\/li>\n<li>Im Falle von Werbung und f\u00fcr die F\u00fchrung von Kundenkartendateien: Einwilligungen, Art. 6 Abs. 1 S. 1 lit. a DSGVO.<\/li>\n<\/ul>\n<p><strong>Datenweitergabe:<\/strong><\/p>\n<p>Kategorien von Empf\u00e4ngern der personenbezogenen Daten:<\/p>\n<ul>\n<li>intern: Mitarbeiter in Haupt- und Filialapotheken, die an der Leistungserbringung und Datenverarbeitung mitwirken.<\/li>\n<li>extern: Krankenkassen und Apotheken-Abrechnungszentren; \u00c4rzte, Krankenh\u00e4user, Therapeuten, Betreuungs- und Pflegeeinrichtungen; \u00f6ffentliche Stellen, die Daten aufgrund gesetzlicher Vorschriften erhalten, wie z.B. Finanzbeh\u00f6rden und Sozialversicherungstr\u00e4ger; Steuerberater; Dritte, mit denen verbindliche Regelungen zur Auftragsverarbeitung nach Art. 28 DSGVO getroffen wurden, wie z.B. EDV-Dienstleister<\/li>\n<\/ul>\n<p>Eine Daten\u00fcbermittlung in das Ausland findet nicht statt und ist auch k\u00fcnftig nicht vorgesehen.<\/p>\n<p><strong>Ihre Rechte:<\/strong><\/p>\n<p>Sie haben das Recht auf Auskunft, Berichtigung, L\u00f6schung, Einschr\u00e4nkung der Verarbeitung sowie auf Daten\u00fcbertragbarkeit.<\/p>\n<p>Soweit die Datenverarbeitung auf Ihrer Einwilligung beruht, k\u00f6nnen Sie diese jederzeit mit Wirkung f\u00fcr die Zukunft widerrufen. Die Rechtm\u00e4\u00dfigkeit der aufgrund der Einwilligung bis zum Widerruf erfolgten Verarbeitung bleibt davon unber\u00fchrt.<\/p>\n<p>Sie haben ein Beschwerderecht gegen die Datenverarbeitung bei der f\u00fcr die Apotheke zust\u00e4ndigen Landesdatenschutz-Aufsichtsbeh\u00f6rde, n\u00e4mlich beim ULD \u2013 Unabh\u00e4ngiges Landeszentrum f\u00fcr Datenschutz Schleswig-Holstein, E-Mail: <a href=\"mailto:mail@datenschutzzentrum.de\">mail@datenschutzzentrum.de<\/a>, Adresse: Holstenstra\u00dfe 98, 24103 Kiel. Dar\u00fcber hinaus haben Sie auch die M\u00f6glichkeit, sich an die Aufsichtsbeh\u00f6rde Ihres Wohnortes zu wenden.<\/p>\n<p>&nbsp;<\/p>\n<p><strong>Unser Datenschutzbeauftragter:<\/strong><\/p>\n<p>compolicy GmbH, vertreten durch den Gesch\u00e4ftsf\u00fchrer Dr. Christian Wolff, Adresse: Schwedenkai 1, 24103 Kiel, E-Mail: info@compolicy.de, Tel.: 0431 \u2013 9089480.<\/p>\n<p>&nbsp;<\/p>\n","protected":false},"excerpt":{"rendered":"<p>Verantwortlich: Die im Impressum genannte Apotheke. Unsere Datenverarbeitungen im \u00dcberblick: Kategorien personenbezogener Daten, die wir verarbeiten: Rezeptdaten, Gesundheitsdaten, Adressdaten, Kontaktdaten, Geburtsdatum, Vertragsdaten, Abrechnungsdaten. Quelle der zu verarbeitenden Daten: \u00c4rztliche Verordnungen&#8230;<\/p>\n<div class=\"more-link-wrapper\"><a class=\"more-link\" href=\"https:\/\/vital-apotheke-kiel.de\/?page_id=20\">Weiterlesen<span class=\"screen-reader-text\">Unsere Information zum Datenumgang und Ihre Rechte<\/span><\/a><\/div>\n","protected":false},"author":1,"featured_media":4,"parent":0,"menu_order":0,"comment_status":"closed","ping_status":"closed","template":"full-width.php","meta":{"footnotes":""},"class_list":["post-20","page","type-page","status-publish","has-post-thumbnail","hentry","excerpt"],"_links":{"self":[{"href":"https:\/\/vital-apotheke-kiel.de\/index.php?rest_route=\/wp\/v2\/pages\/20","targetHints":{"allow":["GET"]}}],"collection":[{"href":"https:\/\/vital-apotheke-kiel.de\/index.php?rest_route=\/wp\/v2\/pages"}],"about":[{"href":"https:\/\/vital-apotheke-kiel.de\/index.php?rest_route=\/wp\/v2\/types\/page"}],"author":[{"embeddable":true,"href":"https:\/\/vital-apotheke-kiel.de\/index.php?rest_route=\/wp\/v2\/users\/1"}],"replies":[{"embeddable":true,"href":"https:\/\/vital-apotheke-kiel.de\/index.php?rest_route=%2Fwp%2Fv2%2Fcomments&post=20"}],"version-history":[{"count":0,"href":"https:\/\/vital-apotheke-kiel.de\/index.php?rest_route=\/wp\/v2\/pages\/20\/revisions"}],"wp:featuredmedia":[{"embeddable":true,"href":"https:\/\/vital-apotheke-kiel.de\/index.php?rest_route=\/wp\/v2\/media\/4"}],"wp:attachment":[{"href":"https:\/\/vital-apotheke-kiel.de\/index.php?rest_route=%2Fwp%2Fv2%2Fmedia&parent=20"}],"curies":[{"name":"wp","href":"https:\/\/api.w.org\/{rel}","templated":true}]}}